{"id":13468,"date":"2023-07-18T20:45:57","date_gmt":"2023-07-18T20:45:57","guid":{"rendered":"https:\/\/business.reobiztheme.com\/?page_id=13468"},"modified":"2025-01-14T07:30:08","modified_gmt":"2025-01-14T07:30:08","slug":"services","status":"publish","type":"page","link":"https:\/\/cpcgroep.com\/nl\/services\/","title":{"rendered":"Diensten"},"content":{"rendered":"<div data-elementor-type=\"wp-page\" data-elementor-id=\"13468\" class=\"elementor elementor-13468\">\n\t\t\t\t\t\t<section class=\"elementor-section elementor-top-section elementor-element elementor-element-5fff58f elementor-section-boxed elementor-section-height-default elementor-section-height-default\" data-id=\"5fff58f\" data-element_type=\"section\">\n\t\t\t\t\t\t<div class=\"elementor-container elementor-column-gap-default\">\n\t\t\t\t\t<div class=\"elementor-column elementor-col-100 elementor-top-column elementor-element elementor-element-a222841\" data-id=\"a222841\" data-element_type=\"column\">\n\t\t\t<div class=\"elementor-widget-wrap elementor-element-populated\">\n\t\t\t\t\t\t<section class=\"elementor-section elementor-inner-section elementor-element elementor-element-89483ca elementor-section-boxed elementor-section-height-default elementor-section-height-default\" data-id=\"89483ca\" data-element_type=\"section\">\n\t\t\t\t\t\t<div class=\"elementor-container elementor-column-gap-wider\">\n\t\t\t\t\t<div class=\"elementor-column elementor-col-33 elementor-inner-column elementor-element elementor-element-ca5aede\" data-id=\"ca5aede\" data-element_type=\"column\" data-settings=\"{&quot;background_background&quot;:&quot;classic&quot;}\">\n\t\t\t<div class=\"elementor-widget-wrap elementor-element-populated\">\n\t\t\t\t\t<div class=\"elementor-background-overlay\"><\/div>\n\t\t\t\t\t\t<div class=\"elementor-element elementor-element-92aa8c8 elementor-widget elementor-widget-rs-iconbox\" data-id=\"92aa8c8\" data-element_type=\"widget\" data-widget_type=\"rs-iconbox.default\">\n\t\t\t\t<div class=\"elementor-widget-container\">\n\t\t\t\t\t\t\r\n\t\t<div class=\"rs-iconbox-area\">\r\n\t\t    <div class=\"box-inner\">\r\n\r\n\t\t    \t\r\n\t\t    \t\t\t\t    \t\r\n\t\t\t    \t\t<div class=\"icon-area\">\r\n\t\t\t\t    \t\t\r\n\t\t\t\t    \t\t\t\t\t\t    \t\t\t\t\t\t\t    \t\t\t\t<a href=\"#\"><img decoding=\"async\" src=\"http:\/\/insurance.reobiztheme.com\/wp-content\/uploads\/2023\/07\/home-insurance.png\" alt=\"image\"\/><\/a>\r\n\t\t\t\t    \t\t\t\t\t\t\t    \t\t\t\t\t    \t\t<\/div>\r\n\t\t\t    \t  \r\n\t\t    \t \r\n\r\n\t\t\t    <div class=\"text-area\">\r\n\t\t\t    \t\t\t\t\t    \t<div class=\"iconbox-title\">\r\n\t\t\t\t    \t\t\t\r\n\t\t\t\t    \t\t\t\t\t\t\t    \t\t\t\r\n\t\t\t\t    \t\t<h3 class=\"title\"> \r\n\t\t\t\t    \t\t\t\t\t\t    \t\t\t<a href=\"#\"  >Spaarleningen<\/a>\r\n\t\t\t\t    \t\t\t\t\t\t    \t\t<\/h3>\r\n\r\n\t\t\t\t    \t\t\t\t\t\t    \t\t\r\n\t\t\t\t    \t<\/div>\r\n\r\n\t\t\t    \t\t\r\n\t\t\t    \t\t\t\t    \t\t<p class=\"services-txt\">  Verzekeraar kan kiezen voor Cepreco Group om betere verzekeringsdiensten met betrouwbaarheid te krijgen<\/p>\t\r\n\t\t\t    \t\t\r\n\t\t\t    <\/div>\r\n\r\n\t\t\t    \t\t\t            \t    \t    \t    \t\r\n\r\n\r\n\t\t\t    \r\n\t\t\t<\/div>\r\n\t\t<\/div>\t\r\n\t\t\t\t\t<\/div>\n\t\t\t\t<\/div>\n\t\t\t\t\t<\/div>\n\t\t<\/div>\n\t\t\t\t<div class=\"elementor-column elementor-col-33 elementor-inner-column elementor-element elementor-element-f32b412\" data-id=\"f32b412\" data-element_type=\"column\" data-settings=\"{&quot;background_background&quot;:&quot;classic&quot;}\">\n\t\t\t<div class=\"elementor-widget-wrap elementor-element-populated\">\n\t\t\t\t\t<div class=\"elementor-background-overlay\"><\/div>\n\t\t\t\t\t\t<div class=\"elementor-element elementor-element-1c7829f elementor-widget elementor-widget-rs-iconbox\" data-id=\"1c7829f\" data-element_type=\"widget\" data-widget_type=\"rs-iconbox.default\">\n\t\t\t\t<div class=\"elementor-widget-container\">\n\t\t\t\t\t\t\r\n\t\t<div class=\"rs-iconbox-area\">\r\n\t\t    <div class=\"box-inner\">\r\n\r\n\t\t    \t\r\n\t\t    \t\t\t\t    \t\r\n\t\t\t    \t\t<div class=\"icon-area\">\r\n\t\t\t\t    \t\t\r\n\t\t\t\t    \t\t\t\t\t\t    \t\t\t\t\t\t\t    \t\t\t\t<a href=\"#\"><img decoding=\"async\" src=\"http:\/\/insurance.reobiztheme.com\/wp-content\/uploads\/2023\/07\/car.png\" alt=\"image\"\/><\/a>\r\n\t\t\t\t    \t\t\t\t\t\t\t    \t\t\t\t\t    \t\t<\/div>\r\n\t\t\t    \t  \r\n\t\t    \t \r\n\r\n\t\t\t    <div class=\"text-area\">\r\n\t\t\t    \t\t\t\t\t    \t<div class=\"iconbox-title\">\r\n\t\t\t\t    \t\t\t\r\n\t\t\t\t    \t\t\t\t\t\t\t    \t\t\t\r\n\t\t\t\t    \t\t<h3 class=\"title\"> \r\n\t\t\t\t    \t\t\t\t\t\t    \t\t\t<a href=\"#\"  >Leningen met vaste of variabele rente<\/a>\r\n\t\t\t\t    \t\t\t\t\t\t    \t\t<\/h3>\r\n\r\n\t\t\t\t    \t\t\t\t\t\t    \t\t\r\n\t\t\t\t    \t<\/div>\r\n\r\n\t\t\t    \t\t\r\n\t\t\t    \t\t\t\t    \t\t<p class=\"services-txt\">  Verzekeraar kan kiezen voor Cepreco Group om betere verzekeringsdiensten met betrouwbaarheid te krijgen<\/p>\t\r\n\t\t\t    \t\t\r\n\t\t\t    <\/div>\r\n\r\n\t\t\t    \t\t\t            \t    \t    \t    \t\r\n\r\n\r\n\t\t\t    \r\n\t\t\t<\/div>\r\n\t\t<\/div>\t\r\n\t\t\t\t\t<\/div>\n\t\t\t\t<\/div>\n\t\t\t\t\t<\/div>\n\t\t<\/div>\n\t\t\t\t<div class=\"elementor-column elementor-col-33 elementor-inner-column elementor-element elementor-element-dfae08e\" data-id=\"dfae08e\" data-element_type=\"column\" data-settings=\"{&quot;background_background&quot;:&quot;classic&quot;}\">\n\t\t\t<div class=\"elementor-widget-wrap elementor-element-populated\">\n\t\t\t\t\t<div class=\"elementor-background-overlay\"><\/div>\n\t\t\t\t\t\t<div class=\"elementor-element elementor-element-c6bc595 elementor-widget elementor-widget-rs-iconbox\" data-id=\"c6bc595\" data-element_type=\"widget\" data-widget_type=\"rs-iconbox.default\">\n\t\t\t\t<div class=\"elementor-widget-container\">\n\t\t\t\t\t\t\r\n\t\t<div class=\"rs-iconbox-area\">\r\n\t\t    <div class=\"box-inner\">\r\n\r\n\t\t    \t\r\n\t\t    \t\t\t\t    \t\r\n\t\t\t    \t\t<div class=\"icon-area\">\r\n\t\t\t\t    \t\t\r\n\t\t\t\t    \t\t\t\t\t\t    \t\t\t\t\t\t\t    \t\t\t\t<a href=\"#\"><img decoding=\"async\" src=\"http:\/\/insurance.reobiztheme.com\/wp-content\/uploads\/2023\/07\/shield.png\" alt=\"image\"\/><\/a>\r\n\t\t\t\t    \t\t\t\t\t\t\t    \t\t\t\t\t    \t\t<\/div>\r\n\t\t\t    \t  \r\n\t\t    \t \r\n\r\n\t\t\t    <div class=\"text-area\">\r\n\t\t\t    \t\t\t\t\t    \t<div class=\"iconbox-title\">\r\n\t\t\t\t    \t\t\t\r\n\t\t\t\t    \t\t\t\t\t\t\t    \t\t\t\r\n\t\t\t\t    \t\t<h3 class=\"title\"> \r\n\t\t\t\t    \t\t\t\t\t\t    \t\t\t<a href=\"#\"  >Gediversifieerde investeringen<\/a>\r\n\t\t\t\t    \t\t\t\t\t\t    \t\t<\/h3>\r\n\r\n\t\t\t\t    \t\t\t\t\t\t    \t\t\r\n\t\t\t\t    \t<\/div>\r\n\r\n\t\t\t    \t\t\r\n\t\t\t    \t\t\t\t    \t\t<p class=\"services-txt\">  Verzekeraar kan kiezen voor Cepreco Group om betere beleggingsdiensten met betrouwbaarheid te krijgen<\/p>\t\r\n\t\t\t    \t\t\r\n\t\t\t    <\/div>\r\n\r\n\t\t\t    \t\t\t            \t    \t    \t    \t\r\n\r\n\r\n\t\t\t    \r\n\t\t\t<\/div>\r\n\t\t<\/div>\t\r\n\t\t\t\t\t<\/div>\n\t\t\t\t<\/div>\n\t\t\t\t\t<\/div>\n\t\t<\/div>\n\t\t\t\t\t<\/div>\n\t\t<\/section>\n\t\t\t\t<section class=\"elementor-section elementor-inner-section elementor-element elementor-element-cadca5a elementor-section-boxed elementor-section-height-default elementor-section-height-default\" data-id=\"cadca5a\" data-element_type=\"section\">\n\t\t\t\t\t\t<div class=\"elementor-container elementor-column-gap-wider\">\n\t\t\t\t\t<div class=\"elementor-column elementor-col-33 elementor-inner-column elementor-element elementor-element-9f18e1d\" data-id=\"9f18e1d\" data-element_type=\"column\" data-settings=\"{&quot;background_background&quot;:&quot;classic&quot;}\">\n\t\t\t<div class=\"elementor-widget-wrap elementor-element-populated\">\n\t\t\t\t\t<div class=\"elementor-background-overlay\"><\/div>\n\t\t\t\t\t\t<div class=\"elementor-element elementor-element-2756c92 elementor-widget elementor-widget-rs-iconbox\" data-id=\"2756c92\" data-element_type=\"widget\" data-widget_type=\"rs-iconbox.default\">\n\t\t\t\t<div class=\"elementor-widget-container\">\n\t\t\t\t\t\t\r\n\t\t<div class=\"rs-iconbox-area\">\r\n\t\t    <div class=\"box-inner\">\r\n\r\n\t\t    \t\r\n\t\t    \t\t\t\t    \t\r\n\t\t\t    \t\t<div class=\"icon-area\">\r\n\t\t\t\t    \t\t\r\n\t\t\t\t    \t\t\t\t\t\t    \t\t\t\t\t\t\t    \t\t\t\t<a href=\"#\"><img decoding=\"async\" src=\"https:\/\/insurance.reobiztheme.com\/wp-content\/uploads\/2023\/07\/travel-insurance.png\" alt=\"image\"\/><\/a>\r\n\t\t\t\t    \t\t\t\t\t\t\t    \t\t\t\t\t    \t\t<\/div>\r\n\t\t\t    \t  \r\n\t\t    \t \r\n\r\n\t\t\t    <div class=\"text-area\">\r\n\t\t\t    \t\t\t\t\t    \t<div class=\"iconbox-title\">\r\n\t\t\t\t    \t\t\t\r\n\t\t\t\t    \t\t\t\t\t\t\t    \t\t\t\r\n\t\t\t\t    \t\t<h3 class=\"title\"> \r\n\t\t\t\t    \t\t\t\t\t\t    \t\t\t<a href=\"#\"  >Consumentenkrediet<\/a>\r\n\t\t\t\t    \t\t\t\t\t\t    \t\t<\/h3>\r\n\r\n\t\t\t\t    \t\t\t\t\t\t    \t\t\r\n\t\t\t\t    \t<\/div>\r\n\r\n\t\t\t    \t\t\r\n\t\t\t    \t\t\t\t    \t\t<p class=\"services-txt\">  Ideaal voor de financiering van uw directe behoeften (aankopen, reizen, onverwachte uitgaven). Concurrerende tarieven, snelle reactietijden, flexibele terugbetalingen.<\/p>\t\r\n\t\t\t    \t\t\r\n\t\t\t    <\/div>\r\n\r\n\t\t\t    \t\t\t            \t    \t    \t    \t\r\n\r\n\r\n\t\t\t    \r\n\t\t\t<\/div>\r\n\t\t<\/div>\t\r\n\t\t\t\t\t<\/div>\n\t\t\t\t<\/div>\n\t\t\t\t\t<\/div>\n\t\t<\/div>\n\t\t\t\t<div class=\"elementor-column elementor-col-33 elementor-inner-column elementor-element elementor-element-dee3a62\" data-id=\"dee3a62\" data-element_type=\"column\" data-settings=\"{&quot;background_background&quot;:&quot;classic&quot;}\">\n\t\t\t<div class=\"elementor-widget-wrap elementor-element-populated\">\n\t\t\t\t\t<div class=\"elementor-background-overlay\"><\/div>\n\t\t\t\t\t\t<div class=\"elementor-element elementor-element-65178bb elementor-widget elementor-widget-rs-iconbox\" data-id=\"65178bb\" data-element_type=\"widget\" data-widget_type=\"rs-iconbox.default\">\n\t\t\t\t<div class=\"elementor-widget-container\">\n\t\t\t\t\t\t\r\n\t\t<div class=\"rs-iconbox-area\">\r\n\t\t    <div class=\"box-inner\">\r\n\r\n\t\t    \t\r\n\t\t    \t\t\t\t    \t\r\n\t\t\t    \t\t<div class=\"icon-area\">\r\n\t\t\t\t    \t\t\r\n\t\t\t\t    \t\t\t\t\t\t    \t\t\t\t\t\t\t    \t\t\t\t<a href=\"#\"><img decoding=\"async\" src=\"https:\/\/insurance.reobiztheme.com\/wp-content\/uploads\/2023\/07\/insurance1.png\" alt=\"image\"\/><\/a>\r\n\t\t\t\t    \t\t\t\t\t\t\t    \t\t\t\t\t    \t\t<\/div>\r\n\t\t\t    \t  \r\n\t\t    \t \r\n\r\n\t\t\t    <div class=\"text-area\">\r\n\t\t\t    \t\t\t\t\t    \t<div class=\"iconbox-title\">\r\n\t\t\t\t    \t\t\t\r\n\t\t\t\t    \t\t\t\t\t\t\t    \t\t\t\r\n\t\t\t\t    \t\t<h3 class=\"title\"> \r\n\t\t\t\t    \t\t\t\t\t\t    \t\t\t<a href=\"#\"  >Onroerendgoedlening<\/a>\r\n\t\t\t\t    \t\t\t\t\t\t    \t\t<\/h3>\r\n\r\n\t\t\t\t    \t\t\t\t\t\t    \t\t\r\n\t\t\t\t    \t<\/div>\r\n\r\n\t\t\t    \t\t\r\n\t\t\t    \t\t\t\t    \t\t<p class=\"services-txt\">  Laat uw droom van een eigen huis of appartement uitkomen. Financiering tot 90% van de kosten, aflossingsopties op maat en persoonlijke ondersteuning.<\/p>\t\r\n\t\t\t    \t\t\r\n\t\t\t    <\/div>\r\n\r\n\t\t\t    \t\t\t            \t    \t    \t    \t\r\n\r\n\r\n\t\t\t    \r\n\t\t\t<\/div>\r\n\t\t<\/div>\t\r\n\t\t\t\t\t<\/div>\n\t\t\t\t<\/div>\n\t\t\t\t\t<\/div>\n\t\t<\/div>\n\t\t\t\t<div class=\"elementor-column elementor-col-33 elementor-inner-column elementor-element elementor-element-a831330\" data-id=\"a831330\" data-element_type=\"column\" data-settings=\"{&quot;background_background&quot;:&quot;classic&quot;}\">\n\t\t\t<div class=\"elementor-widget-wrap elementor-element-populated\">\n\t\t\t\t\t<div class=\"elementor-background-overlay\"><\/div>\n\t\t\t\t\t\t<div class=\"elementor-element elementor-element-a8a7993 elementor-widget elementor-widget-rs-iconbox\" data-id=\"a8a7993\" data-element_type=\"widget\" data-widget_type=\"rs-iconbox.default\">\n\t\t\t\t<div class=\"elementor-widget-container\">\n\t\t\t\t\t\t\r\n\t\t<div class=\"rs-iconbox-area\">\r\n\t\t    <div class=\"box-inner\">\r\n\r\n\t\t    \t\r\n\t\t    \t\t\t\t    \t\r\n\t\t\t    \t\t<div class=\"icon-area\">\r\n\t\t\t\t    \t\t\r\n\t\t\t\t    \t\t\t\t\t\t    \t\t\t\t\t\t\t    \t\t\t\t<a href=\"#\"><img decoding=\"async\" src=\"https:\/\/insurance.reobiztheme.com\/wp-content\/uploads\/2023\/07\/house.png\" alt=\"image\"\/><\/a>\r\n\t\t\t\t    \t\t\t\t\t\t\t    \t\t\t\t\t    \t\t<\/div>\r\n\t\t\t    \t  \r\n\t\t    \t \r\n\r\n\t\t\t    <div class=\"text-area\">\r\n\t\t\t    \t\t\t\t\t    \t<div class=\"iconbox-title\">\r\n\t\t\t\t    \t\t\t\r\n\t\t\t\t    \t\t\t\t\t\t\t    \t\t\t\r\n\t\t\t\t    \t\t<h3 class=\"title\"> \r\n\t\t\t\t    \t\t\t\t\t\t    \t\t\t<a href=\"#\"  >Studentenlening<\/a>\r\n\t\t\t\t    \t\t\t\t\t\t    \t\t<\/h3>\r\n\r\n\t\t\t\t    \t\t\t\t\t\t    \t\t\r\n\t\t\t\t    \t<\/div>\r\n\r\n\t\t\t    \t\t\r\n\t\t\t    \t\t\t\t    \t\t<p class=\"services-txt\">  Financier je studie of opleiding met voorwaarden op maat voor jongeren. Lage rentetarieven, uitstel van aflossing en ondersteuning voor extra kosten (huisvesting, apparatuur).<\/p>\t\r\n\t\t\t    \t\t\r\n\t\t\t    <\/div>\r\n\r\n\t\t\t    \t\t\t            \t    \t    \t    \t\r\n\r\n\r\n\t\t\t    \r\n\t\t\t<\/div>\r\n\t\t<\/div>\t\r\n\t\t\t\t\t<\/div>\n\t\t\t\t<\/div>\n\t\t\t\t\t<\/div>\n\t\t<\/div>\n\t\t\t\t\t<\/div>\n\t\t<\/section>\n\t\t\t\t\t<\/div>\n\t\t<\/div>\n\t\t\t\t\t<\/div>\n\t\t<\/section>\n\t\t\t\t<section class=\"elementor-section elementor-top-section elementor-element elementor-element-383fc465 elementor-section-content-top elementor-section-boxed elementor-section-height-default elementor-section-height-default\" data-id=\"383fc465\" data-element_type=\"section\" data-settings=\"{&quot;background_background&quot;:&quot;classic&quot;}\">\n\t\t\t\t\t\t<div class=\"elementor-container elementor-column-gap-default\">\n\t\t\t\t\t<div class=\"elementor-column elementor-col-50 elementor-top-column elementor-element elementor-element-2c09e177\" data-id=\"2c09e177\" data-element_type=\"column\" data-settings=\"{&quot;background_background&quot;:&quot;classic&quot;}\">\n\t\t\t<div class=\"elementor-widget-wrap\">\n\t\t\t\t\t\t\t<\/div>\n\t\t<\/div>\n\t\t\t\t<div class=\"elementor-column elementor-col-50 elementor-top-column elementor-element elementor-element-3973c0af\" data-id=\"3973c0af\" data-element_type=\"column\" data-settings=\"{&quot;background_background&quot;:&quot;classic&quot;}\">\n\t\t\t<div class=\"elementor-widget-wrap elementor-element-populated\">\n\t\t\t\t\t<div class=\"elementor-background-overlay\"><\/div>\n\t\t\t\t\t\t<section class=\"elementor-section elementor-inner-section elementor-element elementor-element-5fe27d29 elementor-section-boxed elementor-section-height-default elementor-section-height-default\" data-id=\"5fe27d29\" data-element_type=\"section\">\n\t\t\t\t\t\t<div class=\"elementor-container elementor-column-gap-default\">\n\t\t\t\t\t<div class=\"elementor-column elementor-col-100 elementor-inner-column elementor-element elementor-element-941b36c\" data-id=\"941b36c\" data-element_type=\"column\">\n\t\t\t<div class=\"elementor-widget-wrap elementor-element-populated\">\n\t\t\t\t\t\t<div class=\"elementor-element elementor-element-49f725ed elementor-widget elementor-widget-rs-heading\" data-id=\"49f725ed\" data-element_type=\"widget\" data-widget_type=\"rs-heading.default\">\n\t\t\t\t<div class=\"elementor-widget-container\">\n\t\t\t\t\t        <div class=\"rs-heading default\">\r\n        \t<div class=\"title-inner\">\r\n        \t\t      \t\t\r\n\t            <span class=\"sub-text\">Aanvraagformulier<\/span><h2 class=\"title\"><span class=\"watermark\"><\/span>Vraag een lening aan<\/h2>\t        <\/div>\r\n\t                <\/div>\r\n\r\n        \t\t\t\t<\/div>\n\t\t\t\t<\/div>\n\t\t\t\t<div class=\"elementor-element elementor-element-6aaea0e4 elementor-widget elementor-widget-rs-cf7\" data-id=\"6aaea0e4\" data-element_type=\"widget\" data-widget_type=\"rs-cf7.default\">\n\t\t\t\t<div class=\"elementor-widget-container\">\n\t\t\t\t\t\n<div class=\"wpcf7 no-js\" id=\"wpcf7-f8065-o1\" lang=\"en-US\" dir=\"ltr\" data-wpcf7-id=\"8065\">\n<div class=\"screen-reader-response\"><p role=\"status\" aria-live=\"polite\" aria-atomic=\"true\"><\/p> <ul><\/ul><\/div>\n<form action=\"\/nl\/wp-json\/wp\/v2\/pages\/13468#wpcf7-f8065-o1\" method=\"post\" class=\"wpcf7-form init\" aria-label=\"Contactformulier\" novalidate=\"novalidate\" data-status=\"init\" data-trp-original-action=\"\/nl\/wp-json\/wp\/v2\/pages\/13468#wpcf7-f8065-o1\">\n<div style=\"display: none;\">\n<input type=\"hidden\" name=\"_wpcf7\" value=\"8065\" \/>\n<input type=\"hidden\" name=\"_wpcf7_version\" value=\"6.0.6\" \/>\n<input type=\"hidden\" name=\"_wpcf7_locale\" value=\"en_US\" \/>\n<input type=\"hidden\" name=\"_wpcf7_unit_tag\" value=\"wpcf7-f8065-o1\" \/>\n<input type=\"hidden\" name=\"_wpcf7_container_post\" value=\"0\" \/>\n<input type=\"hidden\" name=\"_wpcf7_posted_data_hash\" value=\"\" \/>\n<\/div>\n<div class=\"row\">\n\t<div class=\"col-sm-12\">\n\t\t<p><label for=\"name\">Voornaam en achternaam<\/label><span class=\"wpcf7-form-control-wrap\" data-name=\"your-name\"><input size=\"40\" maxlength=\"400\" class=\"wpcf7-form-control wpcf7-text wpcf7-validates-as-required\" aria-required=\"true\" aria-invalid=\"false\" placeholder=\"Naam en achternaam\" value=\"\" type=\"text\" name=\"your-name\" \/><\/span>\n\t\t<\/p>\n\t<\/div>\n\t<div class=\"col-sm-12\">\n\t\t<p><label for=\"email\">E-mail<\/label><span class=\"wpcf7-form-control-wrap\" data-name=\"your-email\"><input size=\"40\" maxlength=\"400\" class=\"wpcf7-form-control wpcf7-email wpcf7-validates-as-required wpcf7-text wpcf7-validates-as-email\" aria-required=\"true\" aria-invalid=\"false\" placeholder=\"E-mail\" value=\"\" type=\"email\" name=\"your-email\" \/><\/span>\n\t\t<\/p>\n\t<\/div>\n\t<div class=\"col-sm-12\">\n\t\t<p><label for=\"phone\">Telefoon<\/label><span class=\"wpcf7-form-control-wrap\" data-name=\"phone\"><input size=\"40\" maxlength=\"400\" class=\"wpcf7-form-control wpcf7-text wpcf7-validates-as-required\" aria-required=\"true\" aria-invalid=\"false\" placeholder=\"Telefoon\" value=\"\" type=\"text\" name=\"phone\" \/><\/span>\n\t\t<\/p>\n\t<\/div>\n\t<div class=\"col-sm-12\">\n\t\t<p><label for=\"country\">Land<\/label><span class=\"wpcf7-form-control-wrap\" data-name=\"country\"><input size=\"40\" maxlength=\"400\" class=\"wpcf7-form-control wpcf7-text wpcf7-validates-as-required\" aria-required=\"true\" aria-invalid=\"false\" placeholder=\"Land\" value=\"\" type=\"text\" name=\"country\" \/><\/span>\n\t\t<\/p>\n\t<\/div>\n\t<div class=\"col-sm-12\">\n\t\t<p><label for=\"salary\">Maandelijks inkomen<\/label><span class=\"wpcf7-form-control-wrap\" data-name=\"salary\"><input size=\"40\" maxlength=\"400\" class=\"wpcf7-form-control wpcf7-text wpcf7-validates-as-required\" aria-required=\"true\" aria-invalid=\"false\" placeholder=\"Maandelijks inkomen\" value=\"\" type=\"text\" name=\"salary\" \/><\/span>\n\t\t<\/p>\n\t<\/div>\n\t<div class=\"col-sm-12\">\n\t\t<p><label for=\"credit\">Kredietbedrag<\/label><span class=\"wpcf7-form-control-wrap\" data-name=\"credit\"><input size=\"40\" maxlength=\"400\" class=\"wpcf7-form-control wpcf7-text wpcf7-validates-as-required\" aria-required=\"true\" aria-invalid=\"false\" placeholder=\"Kredietbedrag\" value=\"\" type=\"text\" name=\"credit\" \/><\/span>\n\t\t<\/p>\n\t<\/div>\n\t<div class=\"form-button col-sm-12\">\n\t\t<p class=\"submit-btn\"><input class=\"wpcf7-form-control wpcf7-submit has-spinner\" type=\"submit\" value=\"Valideren\" \/>\n\t\t<\/p>\n\t<\/div>\n<\/div><div class=\"wpcf7-response-output\" aria-hidden=\"true\"><\/div>\n<input type=\"hidden\" name=\"trp-form-language\" value=\"nl\"\/><\/form>\n<\/div>\n\t\t\t\t<\/div>\n\t\t\t\t<\/div>\n\t\t\t\t\t<\/div>\n\t\t<\/div>\n\t\t\t\t\t<\/div>\n\t\t<\/section>\n\t\t\t\t\t<\/div>\n\t\t<\/div>\n\t\t\t\t\t<\/div>\n\t\t<\/section>\n\t\t\t\t<\/div>","protected":false},"excerpt":{"rendered":"<p>Pr\u00eats epargne L&#8217;assureur peut choisir Cepreco Group pour obtenir de meilleurs services d&#8217;assurance avec fiabilit\u00e9 Pr\u00eats a taux fixe ou variable L&#8217;assureur peut choisir Cepreco Group pour obtenir de meilleurs services d&#8217;assurance avec fiabilit\u00e9 Investissements diversifi\u00e9s L&#8217;assureur peut choisir Cepreco Group pour obtenir de meilleurs services d&#8217;investissement avec fiabilit\u00e9 Cr\u00e9dit a la consommation Id\u00e9al pour&#8230;<\/p>","protected":false},"author":1,"featured_media":0,"parent":0,"menu_order":0,"comment_status":"closed","ping_status":"closed","template":"","meta":{"footnotes":""},"class_list":["post-13468","page","type-page","status-publish","hentry"],"_links":{"self":[{"href":"https:\/\/cpcgroep.com\/nl\/wp-json\/wp\/v2\/pages\/13468","targetHints":{"allow":["GET"]}}],"collection":[{"href":"https:\/\/cpcgroep.com\/nl\/wp-json\/wp\/v2\/pages"}],"about":[{"href":"https:\/\/cpcgroep.com\/nl\/wp-json\/wp\/v2\/types\/page"}],"author":[{"embeddable":true,"href":"https:\/\/cpcgroep.com\/nl\/wp-json\/wp\/v2\/users\/1"}],"replies":[{"embeddable":true,"href":"https:\/\/cpcgroep.com\/nl\/wp-json\/wp\/v2\/comments?post=13468"}],"version-history":[{"count":0,"href":"https:\/\/cpcgroep.com\/nl\/wp-json\/wp\/v2\/pages\/13468\/revisions"}],"wp:attachment":[{"href":"https:\/\/cpcgroep.com\/nl\/wp-json\/wp\/v2\/media?parent=13468"}],"curies":[{"name":"wp","href":"https:\/\/api.w.org\/{rel}","templated":true}]}}